{"id":1032,"date":"2026-02-16T08:45:09","date_gmt":"2026-02-16T08:45:09","guid":{"rendered":"https:\/\/test.fitnessworldgym27.com\/?post_type=product&#038;p=1032"},"modified":"2026-04-18T19:19:36","modified_gmt":"2026-04-18T19:19:36","slug":"casting-300","status":"publish","type":"product","link":"https:\/\/cosmeticstoredz.com\/ar\/product\/casting-300\/","title":{"rendered":"CASTING 300"},"content":{"rendered":"<p>Avec Casting Cr\u00e8me Gloss, passez le cap de la coloration!<\/p>\n<p>Une coloration soin sans ammoniaque pour un parfum agr\u00e9able qui sublime\u2026qui sublime votre couleur de cheveux en lui apportant des reflets gourmands et naturels. Pour une couleur utra-glossy aux reflets brillants et une couverture optimale des cheveux blancs.<\/p>\n<p>&nbsp;<\/p>\n<p>C\u2019est vous, mais en mieux. IMPOSSIBLE DE SE TROMPER.<\/p>\n<p>300 Un Ch\u00e2tain Fonc\u00e9 gourmand et cors\u00e9, id\u00e9al pour redonner du caract\u00e8re \u00e0 votre couleur.<\/p>\n<p>Recommand\u00e9e pour les cheveux ch\u00e2tain fonc\u00e9 \u00e0 brun, cette nuance donnera brillance et puret\u00e9 \u00e0 votre couleur.<\/p>\n<ul>\n<li>Sa formule cr\u00e8me sans ammoniaque couvre de fa\u00e7on optimale les cheveux blancs.<\/li>\n<li>Le r\u00e9sultat est durable jusqu\u2019\u00e0 28 shampooings et la couleur reste naturelle et brillante.<\/li>\n<li>Enrichie en Gel\u00e9e Royale au prodigieux pouvoir nutritif, le complexe soin de Casting Cr\u00e8me Gloss repulpe les cheveux et leur apporte une brillance gloss longue dur\u00e9e. Les cheveux sont d\u2019une douceur exceptionnelle, au toucher voluptueux.<\/li>\n<\/ul>\n<p>&nbsp;<\/p>\n<p>Contenance du produit :<\/p>\n<ul>\n<li>1 tube de cr\u00e8me colorante (48ml)<\/li>\n<li>1 tube de lait r\u00e9v\u00e9lateur (72ml)<\/li>\n<li>1 flacon de soin (40ml)<\/li>\n<li>1 paire de gants professionnels<\/li>\n<li>1 notice d\u2019utilisation<\/li>\n<\/ul>\n<p>&nbsp;<\/p>\n<p>\u2022Comment appliquer sa coloration ? C\u2019est facile \u2013 seulement 3 \u00e9tapes pour obtenir votre couleur parfaite. 1. Mixez, 2. Appliquez, 3. Massez et laissez poser 20 minutes. Rincez et appliquez le soin avec de la Noix de Coco.<\/p>\n<p>\u2022Comment choisir sa coloration ? Assurez-vous que la couleur actuelle de vos cheveux correspond \u00e0 l\u2019une des couleurs qui apparait sur le dos du pack (en photo). Si vous h\u00e9sitez entre 2 nuances, choisissez toujours la plus claire.<\/p>\n<p>Un soin avec de la Noix de Coco sp\u00e9cialement con\u00e7u pour les cheveux bruns qui r\u00e9v\u00e8le toute la richesse et l\u2019intensit\u00e9 de vos cheveux. Il laisse vos cheveux fluides et soyeux.<\/p>\n<p>&nbsp;<\/p>\n<p>&nbsp;<\/p>","protected":false},"excerpt":{"rendered":"<p>Casting 300 Ch\u00e2tain Fonc\u00e9 Cors\u00e9 \u2013 L\u2019Oreal<\/p>\n<p>300 Un Ch\u00e2tain Fonc\u00e9 gourmand et cors\u00e9, id\u00e9al pour redonner du caract\u00e8re \u00e0 votre couleur.<\/p>\n<p>Recommand\u00e9e pour les cheveux ch\u00e2tain fonc\u00e9 \u00e0 brun, cette nuance donnera brillance et puret\u00e9 \u00e0 votre couleur.<\/p>","protected":false},"featured_media":1099,"comment_status":"closed","ping_status":"closed","template":"","meta":[],"product_brand":[409],"product_cat":[75,153,95,115],"product_tag":[125],"class_list":{"0":"post-1032","1":"product","2":"type-product","3":"status-publish","4":"has-post-thumbnail","6":"product_brand-loreal","7":"product_cat-femme","8":"product_cat-loreal","9":"product_cat-soin-cheveux-f","10":"product_cat-teinte-cheveux","11":"product_tag-made-in-france","13":"first","14":"outofstock","15":"shipping-taxable","16":"purchasable","17":"product-type-simple"},"yoast_head":"<!-- This site is optimized with the Yoast SEO plugin v27.3 - https:\/\/yoast.com\/product\/yoast-seo-wordpress\/ -->\n<title>CASTING 300 - Cosmetic Store<\/title>\n<meta name=\"robots\" content=\"index, follow, max-snippet:-1, max-image-preview:large, max-video-preview:-1\" \/>\n<link rel=\"canonical\" href=\"https:\/\/cosmeticstoredz.com\/ar\/product\/casting-300\/\" \/>\n<meta property=\"og:locale\" content=\"ar_AR\" \/>\n<meta property=\"og:type\" content=\"article\" \/>\n<meta property=\"og:title\" content=\"CASTING 300 - Cosmetic Store\" \/>\n<meta property=\"og:description\" content=\"Casting 300 Ch\u00e2tain Fonc\u00e9 Cors\u00e9 \u2013 L\u2019Oreal  300 Un Ch\u00e2tain Fonc\u00e9 gourmand et cors\u00e9, id\u00e9al pour redonner du caract\u00e8re \u00e0 votre couleur.  Recommand\u00e9e pour les cheveux ch\u00e2tain fonc\u00e9 \u00e0 brun, cette nuance donnera brillance et puret\u00e9 \u00e0 votre couleur.\" \/>\n<meta property=\"og:url\" content=\"https:\/\/cosmeticstoredz.com\/ar\/product\/casting-300\/\" \/>\n<meta property=\"og:site_name\" content=\"Cosmetic Store\" \/>\n<meta property=\"article:publisher\" content=\"https:\/\/www.facebook.com\/profile.php?id=61564954260683\" \/>\n<meta property=\"article:modified_time\" content=\"2026-04-18T19:19:36+00:00\" \/>\n<meta property=\"og:image\" content=\"https:\/\/cosmeticstoredz.com\/wp-content\/uploads\/2026\/02\/Ajouter-un-titre-2024-08-07T144948.673.png\" \/>\n\t<meta property=\"og:image:width\" content=\"1563\" \/>\n\t<meta property=\"og:image:height\" content=\"1563\" \/>\n\t<meta property=\"og:image:type\" content=\"image\/png\" \/>\n<meta name=\"twitter:card\" content=\"summary_large_image\" \/>\n<meta name=\"twitter:label1\" content=\"\u0648\u0642\u062a \u0627\u0644\u0642\u0631\u0627\u0621\u0629 \u0627\u0644\u0645\u064f\u0642\u062f\u0651\u0631\" \/>\n\t<meta name=\"twitter:data1\" content=\"\u062f\u0642\u064a\u0642\u0629 \u0648\u0627\u062d\u062f\u0629\" \/>\n<script type=\"application\/ld+json\" class=\"yoast-schema-graph\">{\"@context\":\"https:\\\/\\\/schema.org\",\"@graph\":[{\"@type\":\"WebPage\",\"@id\":\"https:\\\/\\\/cosmeticstoredz.com\\\/produit\\\/casting-300\\\/\",\"url\":\"https:\\\/\\\/cosmeticstoredz.com\\\/produit\\\/casting-300\\\/\",\"name\":\"CASTING 300 - Cosmetic Store\",\"isPartOf\":{\"@id\":\"https:\\\/\\\/cosmeticstoredz.com\\\/#website\"},\"primaryImageOfPage\":{\"@id\":\"https:\\\/\\\/cosmeticstoredz.com\\\/produit\\\/casting-300\\\/#primaryimage\"},\"image\":{\"@id\":\"https:\\\/\\\/cosmeticstoredz.com\\\/produit\\\/casting-300\\\/#primaryimage\"},\"thumbnailUrl\":\"https:\\\/\\\/cosmeticstoredz.com\\\/wp-content\\\/uploads\\\/2026\\\/02\\\/Ajouter-un-titre-2024-08-07T144948.673.png\",\"datePublished\":\"2026-02-16T08:45:09+00:00\",\"dateModified\":\"2026-04-18T19:19:36+00:00\",\"breadcrumb\":{\"@id\":\"https:\\\/\\\/cosmeticstoredz.com\\\/produit\\\/casting-300\\\/#breadcrumb\"},\"inLanguage\":\"ar\",\"potentialAction\":[{\"@type\":\"ReadAction\",\"target\":[\"https:\\\/\\\/cosmeticstoredz.com\\\/produit\\\/casting-300\\\/\"]}]},{\"@type\":\"ImageObject\",\"inLanguage\":\"ar\",\"@id\":\"https:\\\/\\\/cosmeticstoredz.com\\\/produit\\\/casting-300\\\/#primaryimage\",\"url\":\"https:\\\/\\\/cosmeticstoredz.com\\\/wp-content\\\/uploads\\\/2026\\\/02\\\/Ajouter-un-titre-2024-08-07T144948.673.png\",\"contentUrl\":\"https:\\\/\\\/cosmeticstoredz.com\\\/wp-content\\\/uploads\\\/2026\\\/02\\\/Ajouter-un-titre-2024-08-07T144948.673.png\",\"width\":1563,\"height\":1563},{\"@type\":\"BreadcrumbList\",\"@id\":\"https:\\\/\\\/cosmeticstoredz.com\\\/produit\\\/casting-300\\\/#breadcrumb\",\"itemListElement\":[{\"@type\":\"ListItem\",\"position\":1,\"name\":\"Accueil\",\"item\":\"https:\\\/\\\/cosmeticstoredz.com\\\/\"},{\"@type\":\"ListItem\",\"position\":2,\"name\":\"Boutique\",\"item\":\"https:\\\/\\\/cosmeticstoredz.com\\\/boutique\\\/\"},{\"@type\":\"ListItem\",\"position\":3,\"name\":\"CASTING 300\"}]},{\"@type\":\"WebSite\",\"@id\":\"https:\\\/\\\/cosmeticstoredz.com\\\/#website\",\"url\":\"https:\\\/\\\/cosmeticstoredz.com\\\/\",\"name\":\"Cosmetic Store\",\"description\":\"\",\"publisher\":{\"@id\":\"https:\\\/\\\/cosmeticstoredz.com\\\/#organization\"},\"potentialAction\":[{\"@type\":\"SearchAction\",\"target\":{\"@type\":\"EntryPoint\",\"urlTemplate\":\"https:\\\/\\\/cosmeticstoredz.com\\\/?s={search_term_string}\"},\"query-input\":{\"@type\":\"PropertyValueSpecification\",\"valueRequired\":true,\"valueName\":\"search_term_string\"}}],\"inLanguage\":\"ar\"},{\"@type\":\"Organization\",\"@id\":\"https:\\\/\\\/cosmeticstoredz.com\\\/#organization\",\"name\":\"Cosmetic Store\",\"url\":\"https:\\\/\\\/cosmeticstoredz.com\\\/\",\"logo\":{\"@type\":\"ImageObject\",\"inLanguage\":\"ar\",\"@id\":\"https:\\\/\\\/cosmeticstoredz.com\\\/#\\\/schema\\\/logo\\\/image\\\/\",\"url\":\"https:\\\/\\\/cosmeticstoredz.com\\\/wp-content\\\/uploads\\\/2026\\\/02\\\/cropped-LOGO_CS-512x512-1-1-e1771275285345.webp\",\"contentUrl\":\"https:\\\/\\\/cosmeticstoredz.com\\\/wp-content\\\/uploads\\\/2026\\\/02\\\/cropped-LOGO_CS-512x512-1-1-e1771275285345.webp\",\"width\":265,\"height\":319,\"caption\":\"Cosmetic Store\"},\"image\":{\"@id\":\"https:\\\/\\\/cosmeticstoredz.com\\\/#\\\/schema\\\/logo\\\/image\\\/\"},\"sameAs\":[\"https:\\\/\\\/www.facebook.com\\\/profile.php?id=61564954260683\",\"https:\\\/\\\/www.instagram.com\\\/cosmetic.storedz\\\/\"]}]}<\/script>\n<!-- \/ Yoast SEO plugin. -->","yoast_head_json":{"title":"CASTING 300 - Cosmetic Store","robots":{"index":"index","follow":"follow","max-snippet":"max-snippet:-1","max-image-preview":"max-image-preview:large","max-video-preview":"max-video-preview:-1"},"canonical":"https:\/\/cosmeticstoredz.com\/ar\/product\/casting-300\/","og_locale":"ar_AR","og_type":"article","og_title":"CASTING 300 - Cosmetic Store","og_description":"Casting 300 Ch\u00e2tain Fonc\u00e9 Cors\u00e9 \u2013 L\u2019Oreal  300 Un Ch\u00e2tain Fonc\u00e9 gourmand et cors\u00e9, id\u00e9al pour redonner du caract\u00e8re \u00e0 votre couleur.  Recommand\u00e9e pour les cheveux ch\u00e2tain fonc\u00e9 \u00e0 brun, cette nuance donnera brillance et puret\u00e9 \u00e0 votre couleur.","og_url":"https:\/\/cosmeticstoredz.com\/ar\/product\/casting-300\/","og_site_name":"Cosmetic Store","article_publisher":"https:\/\/www.facebook.com\/profile.php?id=61564954260683","article_modified_time":"2026-04-18T19:19:36+00:00","og_image":[{"width":1563,"height":1563,"url":"https:\/\/cosmeticstoredz.com\/wp-content\/uploads\/2026\/02\/Ajouter-un-titre-2024-08-07T144948.673.png","type":"image\/png"}],"twitter_card":"summary_large_image","twitter_misc":{"\u0648\u0642\u062a \u0627\u0644\u0642\u0631\u0627\u0621\u0629 \u0627\u0644\u0645\u064f\u0642\u062f\u0651\u0631":"\u062f\u0642\u064a\u0642\u0629 \u0648\u0627\u062d\u062f\u0629"},"schema":{"@context":"https:\/\/schema.org","@graph":[{"@type":"WebPage","@id":"https:\/\/cosmeticstoredz.com\/produit\/casting-300\/","url":"https:\/\/cosmeticstoredz.com\/produit\/casting-300\/","name":"CASTING 300 - Cosmetic Store","isPartOf":{"@id":"https:\/\/cosmeticstoredz.com\/#website"},"primaryImageOfPage":{"@id":"https:\/\/cosmeticstoredz.com\/produit\/casting-300\/#primaryimage"},"image":{"@id":"https:\/\/cosmeticstoredz.com\/produit\/casting-300\/#primaryimage"},"thumbnailUrl":"https:\/\/cosmeticstoredz.com\/wp-content\/uploads\/2026\/02\/Ajouter-un-titre-2024-08-07T144948.673.png","datePublished":"2026-02-16T08:45:09+00:00","dateModified":"2026-04-18T19:19:36+00:00","breadcrumb":{"@id":"https:\/\/cosmeticstoredz.com\/produit\/casting-300\/#breadcrumb"},"inLanguage":"ar","potentialAction":[{"@type":"ReadAction","target":["https:\/\/cosmeticstoredz.com\/produit\/casting-300\/"]}]},{"@type":"ImageObject","inLanguage":"ar","@id":"https:\/\/cosmeticstoredz.com\/produit\/casting-300\/#primaryimage","url":"https:\/\/cosmeticstoredz.com\/wp-content\/uploads\/2026\/02\/Ajouter-un-titre-2024-08-07T144948.673.png","contentUrl":"https:\/\/cosmeticstoredz.com\/wp-content\/uploads\/2026\/02\/Ajouter-un-titre-2024-08-07T144948.673.png","width":1563,"height":1563},{"@type":"BreadcrumbList","@id":"https:\/\/cosmeticstoredz.com\/produit\/casting-300\/#breadcrumb","itemListElement":[{"@type":"ListItem","position":1,"name":"Accueil","item":"https:\/\/cosmeticstoredz.com\/"},{"@type":"ListItem","position":2,"name":"Boutique","item":"https:\/\/cosmeticstoredz.com\/boutique\/"},{"@type":"ListItem","position":3,"name":"CASTING 300"}]},{"@type":"WebSite","@id":"https:\/\/cosmeticstoredz.com\/#website","url":"https:\/\/cosmeticstoredz.com\/","name":"Cosmetic Store","description":"","publisher":{"@id":"https:\/\/cosmeticstoredz.com\/#organization"},"potentialAction":[{"@type":"SearchAction","target":{"@type":"EntryPoint","urlTemplate":"https:\/\/cosmeticstoredz.com\/?s={search_term_string}"},"query-input":{"@type":"PropertyValueSpecification","valueRequired":true,"valueName":"search_term_string"}}],"inLanguage":"ar"},{"@type":"Organization","@id":"https:\/\/cosmeticstoredz.com\/#organization","name":"Cosmetic Store","url":"https:\/\/cosmeticstoredz.com\/","logo":{"@type":"ImageObject","inLanguage":"ar","@id":"https:\/\/cosmeticstoredz.com\/#\/schema\/logo\/image\/","url":"https:\/\/cosmeticstoredz.com\/wp-content\/uploads\/2026\/02\/cropped-LOGO_CS-512x512-1-1-e1771275285345.webp","contentUrl":"https:\/\/cosmeticstoredz.com\/wp-content\/uploads\/2026\/02\/cropped-LOGO_CS-512x512-1-1-e1771275285345.webp","width":265,"height":319,"caption":"Cosmetic Store"},"image":{"@id":"https:\/\/cosmeticstoredz.com\/#\/schema\/logo\/image\/"},"sameAs":["https:\/\/www.facebook.com\/profile.php?id=61564954260683","https:\/\/www.instagram.com\/cosmetic.storedz\/"]}]}},"_links":{"self":[{"href":"https:\/\/cosmeticstoredz.com\/ar\/wp-json\/wp\/v2\/product\/1032","targetHints":{"allow":["GET"]}}],"collection":[{"href":"https:\/\/cosmeticstoredz.com\/ar\/wp-json\/wp\/v2\/product"}],"about":[{"href":"https:\/\/cosmeticstoredz.com\/ar\/wp-json\/wp\/v2\/types\/product"}],"replies":[{"embeddable":true,"href":"https:\/\/cosmeticstoredz.com\/ar\/wp-json\/wp\/v2\/comments?post=1032"}],"version-history":[{"count":1,"href":"https:\/\/cosmeticstoredz.com\/ar\/wp-json\/wp\/v2\/product\/1032\/revisions"}],"predecessor-version":[{"id":1100,"href":"https:\/\/cosmeticstoredz.com\/ar\/wp-json\/wp\/v2\/product\/1032\/revisions\/1100"}],"wp:featuredmedia":[{"embeddable":true,"href":"https:\/\/cosmeticstoredz.com\/ar\/wp-json\/wp\/v2\/media\/1099"}],"wp:attachment":[{"href":"https:\/\/cosmeticstoredz.com\/ar\/wp-json\/wp\/v2\/media?parent=1032"}],"wp:term":[{"taxonomy":"product_brand","embeddable":true,"href":"https:\/\/cosmeticstoredz.com\/ar\/wp-json\/wp\/v2\/product_brand?post=1032"},{"taxonomy":"product_cat","embeddable":true,"href":"https:\/\/cosmeticstoredz.com\/ar\/wp-json\/wp\/v2\/product_cat?post=1032"},{"taxonomy":"product_tag","embeddable":true,"href":"https:\/\/cosmeticstoredz.com\/ar\/wp-json\/wp\/v2\/product_tag?post=1032"}],"curies":[{"name":"wp","href":"https:\/\/api.w.org\/{rel}","templated":true}]}}